{"id":2820,"date":"2024-11-12T08:02:17","date_gmt":"2024-11-12T07:02:17","guid":{"rendered":"https:\/\/kiniradoma.progreen.hr\/pravila-privatnosti\/"},"modified":"2024-11-12T08:02:17","modified_gmt":"2024-11-12T07:02:17","slug":"pravila-privatnosti","status":"publish","type":"page","link":"https:\/\/kiniradoma.progreen.hr\/de\/pravila-privatnosti\/","title":{"rendered":"Pravila privatnosti"},"content":{"rendered":"\r\n\r\n\r\n<h2 class=\"wp-block-heading\">Komentari<\/h2>\r\n\r\n\r\n\r\n<p>Kada posjetitelji napi\u0161u komentar na web-stranici mi prikupljamo podatke prikazane u formi komentara, i tako\u0111er IP adresu posjetitelja kao i string korisni\u010dkog agenta preglednika kako lak\u0161e detektirali spam.<\/p>\r\n\r\n\r\n\r\n<p>Mogu\u0107e je da je anonimiziran string kreiran iz va\u0161e adrese e-po\u0161te (koji se tako\u0111er zove hash) dostavljen Gravatar servisu kako bismo provjerili koristite li ga. Pravila privatnosti Gravatar servisa dostupna su ovdje: https:\/\/automattic.com\/privacy\/. Nakon odobrenja va\u0161eg komentara, va\u0161a profilna slika je javno vidljiva u kontekstu va\u0161eg komentara.<\/p>\r\n\r\n\r\n\r\n<h2 class=\"wp-block-heading\">Medij<\/h2>\r\n\r\n\r\n\r\n<p>Ako prenesete sliku na web-stranicu, trebali biste izbjegavati prijenos slika koje imaju ugra\u0111ene podatke o lokaciji (EXIF GPS). Posjetitelji web-stranice mogu ih preuzeti i izdvojiti bilo koje podatke o lokaciji iz slika s web-stranice.<\/p>\r\n\r\n\r\n\r\n<h2 class=\"wp-block-heading\">Kola\u010di\u0107i<\/h2>\r\n\r\n\r\n\r\n<p>Ako napi\u0161ete komentar na na\u0161oj web-stranici, mo\u017eete odabrati spremanje imena, adrese e-po\u0161te i web-stranice u kola\u010di\u0107e. To vam olak\u0161ava ponovno komentiranje, da ne morate ponovno unositi te informacije. Ovi kola\u010di\u0107i traju godinu dana.<\/p>\r\n\r\n\r\n\r\n<p>Ako posjetite na\u0161u stranicu za prijavu, postavit \u0107emo privremeni kola\u010di\u0107 kako bismo utvrdili prihva\u0107a li va\u0161 preglednik kola\u010di\u0107e. Ovaj kola\u010di\u0107 ne sadr\u017ei osobne podatke i bri\u0161e se kada ugasite preglednik.<\/p>\r\n\r\n\r\n\r\n<p>Kada se prijavite, postavit \u0107emo nekoliko kola\u010di\u0107a kako bismo sa\u010duvali va\u0161e podatke o prijavi i va\u0161e postavke zaslona. Kola\u010di\u0107i prijave traju dva dana, a kola\u010di\u0107i postavki zaslona traju godinu dana. Ako odaberete &#8222;Zapamti me&#8220;, va\u0161a prijava \u0107e trajati dva tjedna. Ako se odjavite s ra\u010duna, kola\u010di\u0107i prijave bit \u0107e uklonjeni.<\/p>\r\n\r\n\r\n\r\n<p>Ako uredite ili objavite \u010dlanak, dodatni kola\u010di\u0107 \u0107e biti spremljen u va\u0161em pregledniku. Ovaj kola\u010di\u0107 ne sadr\u017ei osobne podatke i samo ukazuje na ID objave \u010dlanka koji ste upravo uredili. Kola\u010di\u0107 istje\u010de nakon jednog dana.<\/p>\r\n\r\n\r\n\r\n<h2 class=\"wp-block-heading\">Ugra\u0111eni sadr\u017eaj s drugih web-stranica<\/h2>\r\n\r\n\r\n\r\n<p>\u010clanci na ovoj web-stranici mogu sadr\u017eavati ugra\u0111eni sadr\u017eaj (npr. video, slike, \u010dlanke, itd.). Ugra\u0111eni sadr\u017eaj sa drugih web-stranica pona\u0161a se istovjetno kao da je posjetitelj posjetio tu drugu web-stranicu.<\/p>\r\n\r\n\r\n\r\n<p>Ove web-stranice mo\u017eda prikupljaju podatke o vama, koriste kola\u010di\u0107e, imaju ugra\u0111eno dodatno pra\u0107enje od tre\u0107ih strana, i nadgledaju va\u0161u interakciju s tim ugra\u0111enim sadr\u017eajem, uklju\u010duju\u0107i pra\u0107enje va\u0161e interakcije s ugra\u0111enim sadr\u017eajem ako imate ra\u010dun i prijavljeni ste na web-stranici.<\/p>\r\n\r\n\r\n\r\n<h2 class=\"wp-block-heading\">S kime dijelimo va\u0161e podatke<\/h2>\r\n\r\n\r\n\r\n<p>Ako zatra\u017eite ponovno postavljanje lozinke, va\u0161a IP adresa bit \u0107e uklju\u010dena u poruku e-po\u0161te za ponovno postavljanje.<\/p>\r\n\r\n\r\n\r\n<h2 class=\"wp-block-heading\">Koliko dugo \u010duvamo va\u0161e podatke<\/h2>\r\n\r\n\r\n\r\n<p>Ako napi\u0161ete komentar, komentar i njegovi meta podaci su sa\u010duvani zauvijek. To je zato da mo\u017eemo automatski prepoznati i odobriti budu\u0107e komentare, umjesto da ih dr\u017eimo na \u010dekanju za odobrenje.<\/p>\r\n\r\n\r\n\r\n<p>Za korisnike koji se registriraju na na\u0161oj web-stranici (ako ih ima), mi tako\u0111er pohranjujemo osobne podatke koje navedu u njihovim korisni\u010dkim profilima, Svi korisnici mogu vidjeti, urediti, ili obrisati svoje osobne podatke u bilo koje vrijeme ( osim \u0161to ne mogu promijeniti svoje korisni\u010dko ime). Administratori web-stranice tako\u0111er mogu vidjeti i urediti te informacije.<\/p>\r\n\r\n\r\n\r\n<h2 class=\"wp-block-heading\">Koja prava imate nad svojim podacima<\/h2>\r\n\r\n\r\n\r\n<p>Ako imate ra\u010dun na ovoj web-stranici, ili ste pisali komentare, mo\u017eete zatra\u017eiti primanje izvozne datoteke osobnih podataka koje imamo o vama, uklju\u010duju\u0107i sve podatke koje ste nam dostavili. Tako\u0111er mo\u017eete zatra\u017eiti brisanje svih osobnih podataka koje imamo o vama. Ovo ne uklju\u010duje bilo koje podatke koje smo obavezni dr\u017eati za administrativne, pravne ili sigurnosne namjene.<\/p>\r\n\r\n\r\n\r\n<h2 class=\"wp-block-heading\">Kamo se \u0161alju va\u0161i podaci<\/h2>\r\n\r\n\r\n\r\n<p>Komentari posjetitelja mogu se provjeriti putem automatske usluge za otkrivanje ne\u017eeljene po\u0161te.<\/p>\r\n\r\n<p>&nbsp;<\/p>","protected":false},"excerpt":{"rendered":"<p>Komentari Kada posjetitelji napi\u0161u komentar na web-stranici mi prikupljamo podatke prikazane u formi komentara, i tako\u0111er IP adresu posjetitelja kao i string korisni\u010dkog agenta preglednika kako lak\u0161e detektirali spam. Mogu\u0107e je da je anonimiziran string kreiran iz va\u0161e adrese e-po\u0161te (koji se tako\u0111er zove hash) dostavljen Gravatar servisu kako bismo provjerili koristite li ga. Pravila&#8230;<\/p>\n","protected":false},"author":1,"featured_media":0,"parent":0,"menu_order":0,"comment_status":"closed","ping_status":"open","template":"","meta":{"_acf_changed":false,"footnotes":""},"class_list":["post-2820","page","type-page","status-publish","hentry"],"acf":[],"yoast_head":"<!-- This site is optimized with the Yoast SEO plugin v24.3 - https:\/\/yoast.com\/wordpress\/plugins\/seo\/ -->\n<title>Pravila privatnosti - Kiniradoma<\/title>\n<meta name=\"robots\" content=\"noindex, follow, max-snippet:-1, max-image-preview:large, max-video-preview:-1\" \/>\n<meta property=\"og:locale\" content=\"de_DE\" \/>\n<meta property=\"og:type\" content=\"article\" \/>\n<meta property=\"og:title\" content=\"Pravila privatnosti - Kiniradoma\" \/>\n<meta property=\"og:description\" content=\"Komentari Kada posjetitelji napi\u0161u komentar na web-stranici mi prikupljamo podatke prikazane u formi komentara, i tako\u0111er IP adresu posjetitelja kao i string korisni\u010dkog agenta preglednika kako lak\u0161e detektirali spam. Mogu\u0107e je da je anonimiziran string kreiran iz va\u0161e adrese e-po\u0161te (koji se tako\u0111er zove hash) dostavljen Gravatar servisu kako bismo provjerili koristite li ga. Pravila...\" \/>\n<meta property=\"og:url\" content=\"https:\/\/kiniradoma.progreen.hr\/de\/pravila-privatnosti\/\" \/>\n<meta property=\"og:site_name\" content=\"Kiniradoma\" \/>\n<meta name=\"twitter:card\" content=\"summary_large_image\" \/>\n<meta name=\"twitter:label1\" content=\"Gesch\u00e4tzte Lesezeit\" \/>\n\t<meta name=\"twitter:data1\" content=\"3\u00a0Minuten\" \/>\n<script type=\"application\/ld+json\" class=\"yoast-schema-graph\">{\"@context\":\"https:\/\/schema.org\",\"@graph\":[{\"@type\":\"WebPage\",\"@id\":\"https:\/\/kiniradoma.progreen.hr\/de\/pravila-privatnosti\/\",\"url\":\"https:\/\/kiniradoma.progreen.hr\/de\/pravila-privatnosti\/\",\"name\":\"Pravila privatnosti - Kiniradoma\",\"isPartOf\":{\"@id\":\"https:\/\/kiniradoma.progreen.hr\/de\/#website\"},\"datePublished\":\"2024-11-12T07:02:17+00:00\",\"dateModified\":\"2024-11-12T07:02:17+00:00\",\"breadcrumb\":{\"@id\":\"https:\/\/kiniradoma.progreen.hr\/de\/pravila-privatnosti\/#breadcrumb\"},\"inLanguage\":\"de\",\"potentialAction\":[{\"@type\":\"ReadAction\",\"target\":[\"https:\/\/kiniradoma.progreen.hr\/de\/pravila-privatnosti\/\"]}]},{\"@type\":\"BreadcrumbList\",\"@id\":\"https:\/\/kiniradoma.progreen.hr\/de\/pravila-privatnosti\/#breadcrumb\",\"itemListElement\":[{\"@type\":\"ListItem\",\"position\":1,\"name\":\"Po\u010detna stranica\",\"item\":\"https:\/\/kiniradoma.progreen.hr\/de\/home\/\"},{\"@type\":\"ListItem\",\"position\":2,\"name\":\"Pravila privatnosti\"}]},{\"@type\":\"WebSite\",\"@id\":\"https:\/\/kiniradoma.progreen.hr\/de\/#website\",\"url\":\"https:\/\/kiniradoma.progreen.hr\/de\/\",\"name\":\"Kiniradoma\",\"description\":\"\",\"potentialAction\":[{\"@type\":\"SearchAction\",\"target\":{\"@type\":\"EntryPoint\",\"urlTemplate\":\"https:\/\/kiniradoma.progreen.hr\/de\/?s={search_term_string}\"},\"query-input\":{\"@type\":\"PropertyValueSpecification\",\"valueRequired\":true,\"valueName\":\"search_term_string\"}}],\"inLanguage\":\"de\"}]}<\/script>\n<!-- \/ Yoast SEO plugin. -->","yoast_head_json":{"title":"Pravila privatnosti - Kiniradoma","robots":{"index":"noindex","follow":"follow","max-snippet":"max-snippet:-1","max-image-preview":"max-image-preview:large","max-video-preview":"max-video-preview:-1"},"og_locale":"de_DE","og_type":"article","og_title":"Pravila privatnosti - Kiniradoma","og_description":"Komentari Kada posjetitelji napi\u0161u komentar na web-stranici mi prikupljamo podatke prikazane u formi komentara, i tako\u0111er IP adresu posjetitelja kao i string korisni\u010dkog agenta preglednika kako lak\u0161e detektirali spam. Mogu\u0107e je da je anonimiziran string kreiran iz va\u0161e adrese e-po\u0161te (koji se tako\u0111er zove hash) dostavljen Gravatar servisu kako bismo provjerili koristite li ga. Pravila...","og_url":"https:\/\/kiniradoma.progreen.hr\/de\/pravila-privatnosti\/","og_site_name":"Kiniradoma","twitter_card":"summary_large_image","twitter_misc":{"Gesch\u00e4tzte Lesezeit":"3\u00a0Minuten"},"schema":{"@context":"https:\/\/schema.org","@graph":[{"@type":"WebPage","@id":"https:\/\/kiniradoma.progreen.hr\/de\/pravila-privatnosti\/","url":"https:\/\/kiniradoma.progreen.hr\/de\/pravila-privatnosti\/","name":"Pravila privatnosti - Kiniradoma","isPartOf":{"@id":"https:\/\/kiniradoma.progreen.hr\/de\/#website"},"datePublished":"2024-11-12T07:02:17+00:00","dateModified":"2024-11-12T07:02:17+00:00","breadcrumb":{"@id":"https:\/\/kiniradoma.progreen.hr\/de\/pravila-privatnosti\/#breadcrumb"},"inLanguage":"de","potentialAction":[{"@type":"ReadAction","target":["https:\/\/kiniradoma.progreen.hr\/de\/pravila-privatnosti\/"]}]},{"@type":"BreadcrumbList","@id":"https:\/\/kiniradoma.progreen.hr\/de\/pravila-privatnosti\/#breadcrumb","itemListElement":[{"@type":"ListItem","position":1,"name":"Po\u010detna stranica","item":"https:\/\/kiniradoma.progreen.hr\/de\/home\/"},{"@type":"ListItem","position":2,"name":"Pravila privatnosti"}]},{"@type":"WebSite","@id":"https:\/\/kiniradoma.progreen.hr\/de\/#website","url":"https:\/\/kiniradoma.progreen.hr\/de\/","name":"Kiniradoma","description":"","potentialAction":[{"@type":"SearchAction","target":{"@type":"EntryPoint","urlTemplate":"https:\/\/kiniradoma.progreen.hr\/de\/?s={search_term_string}"},"query-input":{"@type":"PropertyValueSpecification","valueRequired":true,"valueName":"search_term_string"}}],"inLanguage":"de"}]}},"_links":{"self":[{"href":"https:\/\/kiniradoma.progreen.hr\/de\/wp-json\/wp\/v2\/pages\/2820","targetHints":{"allow":["GET"]}}],"collection":[{"href":"https:\/\/kiniradoma.progreen.hr\/de\/wp-json\/wp\/v2\/pages"}],"about":[{"href":"https:\/\/kiniradoma.progreen.hr\/de\/wp-json\/wp\/v2\/types\/page"}],"author":[{"embeddable":true,"href":"https:\/\/kiniradoma.progreen.hr\/de\/wp-json\/wp\/v2\/users\/1"}],"replies":[{"embeddable":true,"href":"https:\/\/kiniradoma.progreen.hr\/de\/wp-json\/wp\/v2\/comments?post=2820"}],"version-history":[{"count":0,"href":"https:\/\/kiniradoma.progreen.hr\/de\/wp-json\/wp\/v2\/pages\/2820\/revisions"}],"wp:attachment":[{"href":"https:\/\/kiniradoma.progreen.hr\/de\/wp-json\/wp\/v2\/media?parent=2820"}],"curies":[{"name":"wp","href":"https:\/\/api.w.org\/{rel}","templated":true}]}}