{"id":2763,"date":"2024-11-26T10:03:27","date_gmt":"2024-11-26T09:03:27","guid":{"rendered":"https:\/\/kiniradoma.progreen.hr\/ueber-uns\/"},"modified":"2025-02-07T10:53:17","modified_gmt":"2025-02-07T09:53:17","slug":"ueber-uns","status":"publish","type":"page","link":"https:\/\/kiniradoma.progreen.hr\/de\/ueber-uns\/","title":{"rendered":"\u00dcber uns"},"content":{"rendered":"<section class=\"l-section wpb_row height_small\"><div class=\"l-section-h i-cf\"><div class=\"g-cols vc_row via_grid cols_1 laptops-cols_inherit tablets-cols_inherit mobiles-cols_1 valign_top type_default stacking_default\"><div class=\"wpb_column vc_column_container\"><div class=\"vc_column-inner\"><h1 class=\"w-text us_custom_eb849559 heading-underline-center\"><span class=\"w-text-h\"><span class=\"w-text-value\">\u00dcber uns<\/span><\/span><\/h1><div class=\"w-image us_custom_822ca1b3 has_ratio align_none\"><div class=\"w-image-h\"><div style=\"padding-bottom:56.25%\"><\/div><img decoding=\"async\" width=\"1440\" height=\"774\" src=\"https:\/\/kiniradoma.progreen.hr\/wp-content\/uploads\/2025\/01\/6.jpg\" class=\"attachment-full size-full\" alt=\"\" loading=\"lazy\" srcset=\"https:\/\/kiniradoma.progreen.hr\/wp-content\/uploads\/2025\/01\/6.jpg 1440w, https:\/\/kiniradoma.progreen.hr\/wp-content\/uploads\/2025\/01\/6-300x161.jpg 300w, https:\/\/kiniradoma.progreen.hr\/wp-content\/uploads\/2025\/01\/6-1024x550.jpg 1024w\" sizes=\"auto, (max-width: 1440px) 100vw, 1440px\" \/><\/div><\/div><\/div><\/div><\/div><\/div><\/section><section class=\"l-section wpb_row height_medium\"><div class=\"l-section-h i-cf\"><div class=\"g-cols vc_row via_grid cols_3-2 laptops-cols_inherit tablets-cols_inherit mobiles-cols_1 valign_top type_default stacking_default\"><div class=\"wpb_column vc_column_container\"><div class=\"vc_column-inner\"><div class=\"wpb_text_column\"><div class=\"wpb_wrapper\"><h1 class=\"heading-underline\">Kinira Doma<\/h1>\n<p class=\"p1\">Willkommen bei Kinira Doma, wo die Leidenschaft f\u00fcr M\u00f6belhandwerk auf h\u00f6chste Pr\u00e4zision und Kreativit\u00e4t trifft. Mit \u00fcber 15 Jahren Erfahrung ist unser Unternehmen mit Sitz in Zagreb auf ma\u00dfgefertigte M\u00f6bel spezialisiert, darunter K\u00fcchen, Kinderzimmer, Wohnzimmer, Einbauschr\u00e4nke und vieles mehr. Jedes unserer Projekte wird individuell an die Bed\u00fcrfnisse, den Stil und den Raum unserer Kunden angepasst, mit besonderem Fokus auf Qualit\u00e4t, Funktionalit\u00e4t und \u00c4sthetik.<\/p>\n<p class=\"p1\">Durch einen individuellen Ansatz h\u00f6ren wir genau auf Ihre W\u00fcnsche und Bed\u00fcrfnisse und verwandeln sie in einzigartige M\u00f6belst\u00fccke, die Ihren Lebensstil widerspiegeln. Unser Expertenteam verwendet die hochwertigsten Materialien, modernste Technologien und zuverl\u00e4ssige Mechanismen, um Langlebigkeit und h\u00f6chste Kundenzufriedenheit zu gew\u00e4hrleisten.<\/p>\n<p class=\"p1\">Egal, ob Sie ein ganzes Zuhause einrichten oder nur ein funktionales Detail ben\u00f6tigen \u2013 Kinira Doma bietet ma\u00dfgeschneiderte L\u00f6sungen, die jedem Raum W\u00e4rme und Charakter verleihen. Wir sind stolz darauf, gemeinsam mit Ihnen R\u00e4ume zu schaffen, die nicht nur funktional, sondern auch inspirierend sind. Ihr Zuhause, unser Design.<\/p>\n<\/div><\/div><\/div><\/div><div class=\"wpb_column vc_column_container type_sticky\"><div class=\"vc_column-inner\"><div class=\"w-image us_custom_9cf479d2 align_none\"><div class=\"w-image-h\"><img decoding=\"async\" width=\"960\" height=\"720\" src=\"https:\/\/kiniradoma.progreen.hr\/wp-content\/uploads\/2025\/01\/2.jpg\" class=\"attachment-large size-large\" alt=\"\" loading=\"lazy\" srcset=\"https:\/\/kiniradoma.progreen.hr\/wp-content\/uploads\/2025\/01\/2.jpg 960w, https:\/\/kiniradoma.progreen.hr\/wp-content\/uploads\/2025\/01\/2-300x225.jpg 300w\" sizes=\"auto, (max-width: 960px) 100vw, 960px\" \/><\/div><\/div><\/div><\/div><\/div><\/div><\/section><section class=\"l-section wpb_row us_custom_9ccc05f2 height_small width_custom\" style=\"--site-content-width:850px;\"><div class=\"l-section-h i-cf\"><div class=\"g-cols vc_row via_grid cols_1 laptops-cols_inherit tablets-cols_inherit mobiles-cols_1 valign_top type_default stacking_default\"><div class=\"wpb_column vc_column_container\"><div class=\"vc_column-inner\"><div class=\"w-hwrapper valign_middle stack_on_mobiles align_justify\" style=\"--hwrapper-gap:1.5rem\"><div class=\"wpb_text_column us_custom_836f727b has_text_color\"><div class=\"wpb_wrapper\"><h3 class=\"p1\"><strong>Suchen Sie nach perfekten ma\u00dfgefertigten M\u00f6beln?<\/strong><\/h3>\n<p class=\"p1\">Kontaktieren Sie uns noch heute und verwandeln Sie Ihre Ideen in einen einzigartigen Raum, der Ihren Stil und Ihre Bed\u00fcrfnisse widerspiegelt!<\/p>\n<\/div><\/div><div class=\"w-btn-wrapper default_align_center laptops_align_center tablets_align_center mobiles_align_left\"><a class=\"w-btn us-btn-style_5\" href=\"https:\/\/kiniradoma.progreen.hr\/kontakt\/\"><span class=\"w-btn-label\">Kontaktieren Sie uns<\/span><\/a><\/div><\/div><\/div><\/div><\/div><\/div><\/section>\n","protected":false},"excerpt":{"rendered":"","protected":false},"author":1,"featured_media":0,"parent":0,"menu_order":0,"comment_status":"closed","ping_status":"closed","template":"","meta":{"_acf_changed":false,"footnotes":""},"class_list":["post-2763","page","type-page","status-publish","hentry"],"acf":[],"yoast_head":"<!-- This site is optimized with the Yoast SEO plugin v24.3 - https:\/\/yoast.com\/wordpress\/plugins\/seo\/ -->\n<title>\u00dcber uns - Kiniradoma<\/title>\n<meta name=\"robots\" content=\"noindex, follow, max-snippet:-1, max-image-preview:large, max-video-preview:-1\" \/>\n<meta property=\"og:locale\" content=\"de_DE\" \/>\n<meta property=\"og:type\" content=\"article\" \/>\n<meta property=\"og:title\" content=\"\u00dcber uns - Kiniradoma\" \/>\n<meta property=\"og:url\" content=\"https:\/\/kiniradoma.progreen.hr\/de\/ueber-uns\/\" \/>\n<meta property=\"og:site_name\" content=\"Kiniradoma\" \/>\n<meta property=\"article:modified_time\" content=\"2025-02-07T09:53:17+00:00\" \/>\n<meta name=\"twitter:card\" content=\"summary_large_image\" \/>\n<meta name=\"twitter:label1\" content=\"Gesch\u00e4tzte Lesezeit\" \/>\n\t<meta name=\"twitter:data1\" content=\"2\u00a0Minuten\" \/>\n<script type=\"application\/ld+json\" class=\"yoast-schema-graph\">{\"@context\":\"https:\/\/schema.org\",\"@graph\":[{\"@type\":\"WebPage\",\"@id\":\"https:\/\/kiniradoma.progreen.hr\/de\/ueber-uns\/\",\"url\":\"https:\/\/kiniradoma.progreen.hr\/de\/ueber-uns\/\",\"name\":\"\u00dcber uns - Kiniradoma\",\"isPartOf\":{\"@id\":\"https:\/\/kiniradoma.progreen.hr\/de\/#website\"},\"datePublished\":\"2024-11-26T09:03:27+00:00\",\"dateModified\":\"2025-02-07T09:53:17+00:00\",\"breadcrumb\":{\"@id\":\"https:\/\/kiniradoma.progreen.hr\/de\/ueber-uns\/#breadcrumb\"},\"inLanguage\":\"de\",\"potentialAction\":[{\"@type\":\"ReadAction\",\"target\":[\"https:\/\/kiniradoma.progreen.hr\/de\/ueber-uns\/\"]}]},{\"@type\":\"BreadcrumbList\",\"@id\":\"https:\/\/kiniradoma.progreen.hr\/de\/ueber-uns\/#breadcrumb\",\"itemListElement\":[{\"@type\":\"ListItem\",\"position\":1,\"name\":\"Po\u010detna stranica\",\"item\":\"https:\/\/kiniradoma.progreen.hr\/de\/home\/\"},{\"@type\":\"ListItem\",\"position\":2,\"name\":\"\u00dcber uns\"}]},{\"@type\":\"WebSite\",\"@id\":\"https:\/\/kiniradoma.progreen.hr\/de\/#website\",\"url\":\"https:\/\/kiniradoma.progreen.hr\/de\/\",\"name\":\"Kiniradoma\",\"description\":\"\",\"potentialAction\":[{\"@type\":\"SearchAction\",\"target\":{\"@type\":\"EntryPoint\",\"urlTemplate\":\"https:\/\/kiniradoma.progreen.hr\/de\/?s={search_term_string}\"},\"query-input\":{\"@type\":\"PropertyValueSpecification\",\"valueRequired\":true,\"valueName\":\"search_term_string\"}}],\"inLanguage\":\"de\"}]}<\/script>\n<!-- \/ Yoast SEO plugin. -->","yoast_head_json":{"title":"\u00dcber uns - Kiniradoma","robots":{"index":"noindex","follow":"follow","max-snippet":"max-snippet:-1","max-image-preview":"max-image-preview:large","max-video-preview":"max-video-preview:-1"},"og_locale":"de_DE","og_type":"article","og_title":"\u00dcber uns - Kiniradoma","og_url":"https:\/\/kiniradoma.progreen.hr\/de\/ueber-uns\/","og_site_name":"Kiniradoma","article_modified_time":"2025-02-07T09:53:17+00:00","twitter_card":"summary_large_image","twitter_misc":{"Gesch\u00e4tzte Lesezeit":"2\u00a0Minuten"},"schema":{"@context":"https:\/\/schema.org","@graph":[{"@type":"WebPage","@id":"https:\/\/kiniradoma.progreen.hr\/de\/ueber-uns\/","url":"https:\/\/kiniradoma.progreen.hr\/de\/ueber-uns\/","name":"\u00dcber uns - Kiniradoma","isPartOf":{"@id":"https:\/\/kiniradoma.progreen.hr\/de\/#website"},"datePublished":"2024-11-26T09:03:27+00:00","dateModified":"2025-02-07T09:53:17+00:00","breadcrumb":{"@id":"https:\/\/kiniradoma.progreen.hr\/de\/ueber-uns\/#breadcrumb"},"inLanguage":"de","potentialAction":[{"@type":"ReadAction","target":["https:\/\/kiniradoma.progreen.hr\/de\/ueber-uns\/"]}]},{"@type":"BreadcrumbList","@id":"https:\/\/kiniradoma.progreen.hr\/de\/ueber-uns\/#breadcrumb","itemListElement":[{"@type":"ListItem","position":1,"name":"Po\u010detna stranica","item":"https:\/\/kiniradoma.progreen.hr\/de\/home\/"},{"@type":"ListItem","position":2,"name":"\u00dcber uns"}]},{"@type":"WebSite","@id":"https:\/\/kiniradoma.progreen.hr\/de\/#website","url":"https:\/\/kiniradoma.progreen.hr\/de\/","name":"Kiniradoma","description":"","potentialAction":[{"@type":"SearchAction","target":{"@type":"EntryPoint","urlTemplate":"https:\/\/kiniradoma.progreen.hr\/de\/?s={search_term_string}"},"query-input":{"@type":"PropertyValueSpecification","valueRequired":true,"valueName":"search_term_string"}}],"inLanguage":"de"}]}},"_links":{"self":[{"href":"https:\/\/kiniradoma.progreen.hr\/de\/wp-json\/wp\/v2\/pages\/2763","targetHints":{"allow":["GET"]}}],"collection":[{"href":"https:\/\/kiniradoma.progreen.hr\/de\/wp-json\/wp\/v2\/pages"}],"about":[{"href":"https:\/\/kiniradoma.progreen.hr\/de\/wp-json\/wp\/v2\/types\/page"}],"author":[{"embeddable":true,"href":"https:\/\/kiniradoma.progreen.hr\/de\/wp-json\/wp\/v2\/users\/1"}],"replies":[{"embeddable":true,"href":"https:\/\/kiniradoma.progreen.hr\/de\/wp-json\/wp\/v2\/comments?post=2763"}],"version-history":[{"count":2,"href":"https:\/\/kiniradoma.progreen.hr\/de\/wp-json\/wp\/v2\/pages\/2763\/revisions"}],"predecessor-version":[{"id":2765,"href":"https:\/\/kiniradoma.progreen.hr\/de\/wp-json\/wp\/v2\/pages\/2763\/revisions\/2765"}],"wp:attachment":[{"href":"https:\/\/kiniradoma.progreen.hr\/de\/wp-json\/wp\/v2\/media?parent=2763"}],"curies":[{"name":"wp","href":"https:\/\/api.w.org\/{rel}","templated":true}]}}