{"id":2757,"date":"2024-11-12T08:02:17","date_gmt":"2024-11-12T07:02:17","guid":{"rendered":"https:\/\/kiniradoma.progreen.hr\/home\/"},"modified":"2025-02-07T10:47:04","modified_gmt":"2025-02-07T09:47:04","slug":"home","status":"publish","type":"page","link":"https:\/\/kiniradoma.progreen.hr\/de\/","title":{"rendered":"Home"},"content":{"rendered":"<section class=\"l-section wpb_row us_custom_eef79b84 height_medium\"><div class=\"l-section-h i-cf\"><div class=\"g-cols vc_row via_grid cols_2 laptops-cols_inherit tablets-cols_1 mobiles-cols_1 valign_middle type_default stacking_default\" style=\"--gap:4vw;\"><div class=\"wpb_column vc_column_container us_custom_04bc1869\"><div class=\"vc_column-inner\"><h1 class=\"w-text us_custom_e22d6cb6\"><span class=\"w-text-h\"><span class=\"w-text-value\">Ma\u00dfgefertigte M\u00f6bel \u2013 Ihre Vision, unser perfektes Design<\/span><\/span><\/h1><div class=\"w-separator size_medium\"><\/div><div class=\"wpb_text_column\"><div class=\"wpb_wrapper\"><p class=\"p1\" style=\"text-align: center;\">Wir schaffen personalisierte R\u00e4ume, die \u00c4sthetik und Funktionalit\u00e4t vereinen. Ob Sie eine K\u00fcche, ein Kinderzimmer, ein Esszimmer oder ein komplettes Interieur ben\u00f6tigen \u2013 unser Expertenteam verwandelt Ihre Ideen in Realit\u00e4t. Qualit\u00e4t, Pr\u00e4zision und Stil \u2013 alles an einem Ort.<\/p>\n<\/div><\/div><div class=\"w-separator size_medium\"><\/div><div class=\"w-btn-wrapper align_center\"><a class=\"w-btn us-btn-style_1 us_custom_510ba617 icon_atleft\" href=\"https:\/\/kiniradoma.progreen.hr\/kontakt\/\"><i class=\"material-icons\">task_alt<\/i><span class=\"w-btn-label\">Starten Sie Ihr Projekt<\/span><\/a><\/div><\/div><\/div><div class=\"wpb_column vc_column_container\"><div class=\"vc_column-inner\"><div class=\"w-image us_custom_be776f20 style_shadow-2 has_ratio align_none\"><div class=\"w-image-h\"><div style=\"padding-bottom:100%\"><\/div><div class=\"w-image-shadow\" style=\"background-image:url(https:\/\/kiniradoma.progreen.hr\/wp-content\/uploads\/2025\/01\/6-1024x550.jpg);\"><\/div><img decoding=\"async\" width=\"1024\" height=\"550\" src=\"https:\/\/kiniradoma.progreen.hr\/wp-content\/uploads\/2025\/01\/6-1024x550.jpg\" class=\"attachment-large size-large\" alt=\"\" loading=\"lazy\" srcset=\"https:\/\/kiniradoma.progreen.hr\/wp-content\/uploads\/2025\/01\/6-1024x550.jpg 1024w, https:\/\/kiniradoma.progreen.hr\/wp-content\/uploads\/2025\/01\/6-300x161.jpg 300w, https:\/\/kiniradoma.progreen.hr\/wp-content\/uploads\/2025\/01\/6.jpg 1440w\" sizes=\"auto, (max-width: 1024px) 100vw, 1024px\" \/><\/div><\/div><\/div><\/div><\/div><\/div><\/section><section class=\"l-section wpb_row height_small\"><div class=\"l-section-h i-cf\"><div class=\"g-cols vc_row via_grid cols_1 laptops-cols_inherit tablets-cols_inherit mobiles-cols_1 valign_top type_default stacking_default\"><div class=\"wpb_column vc_column_container us_custom_6d382c6a has_text_color has_bg_color\"><div class=\"vc_column-inner\"><div class=\"wpb_text_column us_custom_fa070a7d\"><div class=\"wpb_wrapper\"><p class=\"heading-underline-center\" style=\"text-align: center;\"><strong>Erfahrung in Zahlen<\/strong><\/p>\n<\/div><\/div><div class=\"g-cols wpb_row via_grid cols_3 laptops-cols_3 tablets-cols_2 mobiles-cols_1 valign_top type_default\" style=\"--gap:3rem;\"><div class=\"wpb_column vc_column_container us_custom_2901bd3a\"><div class=\"vc_column-inner\"><div class=\"w-counter us_custom_214ca470 has_text_color color_primary align_center has_font_size\" data-duration=\"2\"><div class=\"w-counter-value\"><span class=\"w-counter-value-part type_text\" data-final=\"\"><\/span><span class=\"w-counter-value-part type_number\" data-final=\"20\">0<\/span><span class=\"w-counter-value-part type_text\" data-final=\"+\">+<\/span><\/div><div class=\"w-counter-title\" style=\"font-weight:700;\">Jahre Erfahrung<\/div><\/div><\/div><\/div><div class=\"wpb_column vc_column_container us_custom_2901bd3a\"><div class=\"vc_column-inner\"><div class=\"w-counter us_custom_472c4c8f color_primary align_center has_font_size\" data-duration=\"2\"><div class=\"w-counter-value\"><span class=\"w-counter-value-part type_text\" data-final=\"\"><\/span><span class=\"w-counter-value-part type_number\" data-final=\"500\">0<\/span><span class=\"w-counter-value-part type_text\" data-final=\"+\"><\/span><\/div><div class=\"w-counter-title\" style=\"font-weight:700;\">Zufriedene Kunden<\/div><\/div><\/div><\/div><div class=\"wpb_column vc_column_container us_custom_97e4a6d6\"><div class=\"vc_column-inner\"><div class=\"w-counter us_custom_8bd464b4 color_primary align_center has_font_size\" data-duration=\"2\"><div class=\"w-counter-value\"><span class=\"w-counter-value-part type_text\" data-final=\"\"><\/span><span class=\"w-counter-value-part type_number\" data-final=\"1000\">0<\/span><span class=\"w-counter-value-part type_text\" data-final=\"+\"><\/span><\/div><div class=\"w-counter-title\" style=\"font-weight:700;\">Ma\u00dfgefertigte M\u00f6belst\u00fccke<\/div><\/div><\/div><\/div><\/div><\/div><\/div><\/div><\/div><\/section><section class=\"l-section wpb_row us_custom_c70c97eb height_auto\"><div class=\"l-section-h i-cf\"><div class=\"g-cols vc_row via_grid cols_2 laptops-cols_inherit tablets-cols_1 mobiles-cols_1 valign_middle type_default reversed stacking_default\" style=\"--gap:0px;\"><div class=\"wpb_column vc_column_container us_custom_004f2303 has_bg_color stretched\"><div class=\"vc_column-inner\"><\/div><\/div><div class=\"wpb_column vc_column_container\"><div class=\"vc_column-inner\"><div class=\"w-separator size_huge\"><\/div><div class=\"wpb_text_column us_custom_525019aa\"><div class=\"wpb_wrapper\"><h2 class=\"heading-underline\">Unsere Vision<\/h2>\n<p class=\"p1\">Unsere Vision ist es, ein Synonym f\u00fcr Qualit\u00e4t und Innovation in der Welt der ma\u00dfgefertigten M\u00f6bel zu werden \u2013 sowohl in Kroatien als auch dar\u00fcber hinaus. Wir streben danach, die erste Wahl f\u00fcr Kunden zu sein, die erstklassige L\u00f6sungen f\u00fcr ihre Wohn- und Gesch\u00e4ftsr\u00e4ume suchen.<\/p>\n<p class=\"p1\">Durch kontinuierliche Weiterentwicklung, nachhaltiges Wirtschaften und eine kundenorientierte Herangehensweise m\u00f6chten wir die Art und Weise verbessern, wie Menschen Raumgestaltung erleben. Unser Ziel ist es, langfristige Beziehungen zu Kunden und Partnern aufzubauen, die Gemeinschaft mit unseren Designs zu inspirieren und einen bleibenden Eindruck in der M\u00f6belindustrie zu hinterlassen.<\/p>\n<\/div><\/div><div class=\"w-separator size_huge\"><\/div><\/div><\/div><\/div><\/div><\/section><section class=\"l-section wpb_row us_custom_c70c97eb height_auto\"><div class=\"l-section-h i-cf\"><div class=\"g-cols vc_row via_grid cols_2 laptops-cols_inherit tablets-cols_1 mobiles-cols_1 valign_middle type_default stacking_default\" style=\"--gap:0px;\"><div class=\"wpb_column vc_column_container\"><div class=\"vc_column-inner\"><div class=\"w-separator size_huge\"><\/div><div class=\"wpb_text_column us_custom_4b7ea709\"><div class=\"wpb_wrapper\"><h2 class=\"heading-underline\">Unsere Mission<\/h2>\n<p class=\"p1\">Unsere Mission ist es, R\u00e4ume zu schaffen, in denen Funktionalit\u00e4t und \u00c4sthetik in perfektem Einklang stehen. Wir sind darauf spezialisiert, ma\u00dfgeschneiderte L\u00f6sungen f\u00fcr jedes Zuhause anzubieten, unter Verwendung hochwertiger Materialien und modernster Technologien.<\/p>\n<p class=\"p1\">Mit dem Ziel, die Erwartungen unserer Kunden zu \u00fcbertreffen, gew\u00e4hrleisten wir ein hohes Ma\u00df an Professionalit\u00e4t, Pr\u00e4zision und Liebe zum Detail in jedem Schritt des M\u00f6belherstellungsprozesses. Wir sind \u00fcberzeugt, dass jedes M\u00f6belst\u00fcck die Pers\u00f6nlichkeit und den Lebensstil unserer Kunden widerspiegeln sollte, um R\u00e4ume zu schaffen, in denen sie sich wohlf\u00fchlen und inspiriert werden.<\/p>\n<\/div><\/div><div class=\"w-separator size_huge\"><\/div><\/div><\/div><div class=\"wpb_column vc_column_container us_custom_1f562b02 has_bg_color stretched\"><div class=\"vc_column-inner\"><\/div><\/div><\/div><\/div><\/section><section class=\"l-section wpb_row us_custom_19737bc8 height_medium width_custom\" style=\"--site-content-width:900px;\"><div class=\"l-section-h i-cf\"><div class=\"g-cols vc_row via_grid cols_1 laptops-cols_inherit tablets-cols_inherit mobiles-cols_1 valign_top type_default stacking_default\"><div class=\"wpb_column vc_column_container\"><div class=\"vc_column-inner\"><p class=\"w-text us_custom_f123c106\"><span class=\"w-text-h\"><span class=\"w-text-value\">Lassen Sie sich inspirieren \u2013 entdecken Sie unsere Meisterwerke!<\/span><\/span><\/p><h2 class=\"w-text us_custom_eb849559 heading-underline-center\"><span class=\"w-text-h\"><span class=\"w-text-value\">UNSERE ARBEITEN<\/span><\/span><\/h2><div class=\"wpb_text_column\"><div class=\"wpb_wrapper\"><p class=\"p1\" style=\"text-align: center;\">Jedes unserer Projekte erz\u00e4hlt seine eigene Geschichte \u2013 mit Sorgfalt entworfen und gefertigt, um Ihren Raum einzigartig zu machen.<\/p>\n<\/div><\/div><\/div><\/div><\/div><\/div><\/section><section class=\"l-section wpb_row height_small width_full\"><div class=\"l-section-h i-cf\"><div class=\"g-cols vc_row via_grid cols_1 laptops-cols_inherit tablets-cols_inherit mobiles-cols_1 valign_top type_default stacking_default\"><div class=\"wpb_column vc_column_container\"><div class=\"vc_column-inner\"><div class=\"w-grid type_carousel layout_gallery_cropped cols_4 ratio_1x1\" id=\"us_grid_1\" style=\"--gap:0.3rem;\"><style>.layout_gallery_cropped .w-grid-item-h:before{padding-bottom:100%}.layout_gallery_cropped .w-grid-item-h{}.layout_gallery_cropped .usg_post_image_1{position:absolute!important;left:0!important;top:0!important;bottom:0!important;right:0!important}<\/style><div class=\"w-grid-list owl-carousel navstyle_circle navpos_inside with_dots dotstyle_circle\" style=\"--arrows-size:1.8rem;\">\t<article class=\"w-grid-item post-2719 attachment type-attachment status-inherit hentry\" data-id=\"2719\">\r\n\t\t<div class=\"w-grid-item-h\">\r\n\t\t\t\t\t\t<div class=\"w-post-elm post_image usg_post_image_1 stretched\"><img loading=\"lazy\" decoding=\"async\" width=\"1024\" height=\"550\" src=\"https:\/\/kiniradoma.progreen.hr\/wp-content\/uploads\/2025\/01\/5-1024x550.jpg\" class=\"attachment-large size-large\" alt=\"\" srcset=\"https:\/\/kiniradoma.progreen.hr\/wp-content\/uploads\/2025\/01\/5-1024x550.jpg 1024w, https:\/\/kiniradoma.progreen.hr\/wp-content\/uploads\/2025\/01\/5-300x161.jpg 300w, https:\/\/kiniradoma.progreen.hr\/wp-content\/uploads\/2025\/01\/5.jpg 1440w\" sizes=\"auto, (max-width: 1024px) 100vw, 1024px\" \/><\/div>\t\t<\/div>\r\n\t\t\t<\/article>\r\n\t<article class=\"w-grid-item post-2717 attachment type-attachment status-inherit hentry\" data-id=\"2717\">\r\n\t\t<div class=\"w-grid-item-h\">\r\n\t\t\t\t\t\t<div class=\"w-post-elm post_image usg_post_image_1 stretched\"><img loading=\"lazy\" decoding=\"async\" width=\"1024\" height=\"550\" src=\"https:\/\/kiniradoma.progreen.hr\/wp-content\/uploads\/2025\/01\/3-1024x550.jpg\" class=\"attachment-large size-large\" alt=\"\" srcset=\"https:\/\/kiniradoma.progreen.hr\/wp-content\/uploads\/2025\/01\/3-1024x550.jpg 1024w, https:\/\/kiniradoma.progreen.hr\/wp-content\/uploads\/2025\/01\/3-300x161.jpg 300w, https:\/\/kiniradoma.progreen.hr\/wp-content\/uploads\/2025\/01\/3.jpg 1440w\" sizes=\"auto, (max-width: 1024px) 100vw, 1024px\" \/><\/div>\t\t<\/div>\r\n\t\t\t<\/article>\r\n\t<article class=\"w-grid-item post-2715 attachment type-attachment status-inherit hentry\" data-id=\"2715\">\r\n\t\t<div class=\"w-grid-item-h\">\r\n\t\t\t\t\t\t<div class=\"w-post-elm post_image usg_post_image_1 stretched\"><img loading=\"lazy\" decoding=\"async\" width=\"1024\" height=\"550\" src=\"https:\/\/kiniradoma.progreen.hr\/wp-content\/uploads\/2025\/01\/10-1024x550.jpg\" class=\"attachment-large size-large\" alt=\"\" srcset=\"https:\/\/kiniradoma.progreen.hr\/wp-content\/uploads\/2025\/01\/10-1024x550.jpg 1024w, https:\/\/kiniradoma.progreen.hr\/wp-content\/uploads\/2025\/01\/10-300x161.jpg 300w, https:\/\/kiniradoma.progreen.hr\/wp-content\/uploads\/2025\/01\/10.jpg 1440w\" sizes=\"auto, (max-width: 1024px) 100vw, 1024px\" \/><\/div>\t\t<\/div>\r\n\t\t\t<\/article>\r\n\t<article class=\"w-grid-item post-2713 attachment type-attachment status-inherit hentry\" data-id=\"2713\">\r\n\t\t<div class=\"w-grid-item-h\">\r\n\t\t\t\t\t\t<div class=\"w-post-elm post_image usg_post_image_1 stretched\"><img loading=\"lazy\" decoding=\"async\" width=\"1024\" height=\"550\" src=\"https:\/\/kiniradoma.progreen.hr\/wp-content\/uploads\/2025\/01\/1-1-1024x550.jpg\" class=\"attachment-large size-large\" alt=\"\" srcset=\"https:\/\/kiniradoma.progreen.hr\/wp-content\/uploads\/2025\/01\/1-1-1024x550.jpg 1024w, https:\/\/kiniradoma.progreen.hr\/wp-content\/uploads\/2025\/01\/1-1-300x161.jpg 300w, https:\/\/kiniradoma.progreen.hr\/wp-content\/uploads\/2025\/01\/1-1.jpg 1440w\" sizes=\"auto, (max-width: 1024px) 100vw, 1024px\" \/><\/div>\t\t<\/div>\r\n\t\t\t<\/article>\r\n\t<article class=\"w-grid-item post-2711 attachment type-attachment status-inherit hentry\" data-id=\"2711\">\r\n\t\t<div class=\"w-grid-item-h\">\r\n\t\t\t\t\t\t<div class=\"w-post-elm post_image usg_post_image_1 stretched\"><img loading=\"lazy\" decoding=\"async\" width=\"1024\" height=\"550\" src=\"https:\/\/kiniradoma.progreen.hr\/wp-content\/uploads\/2025\/01\/4-1024x550.jpg\" class=\"attachment-large size-large\" alt=\"\" srcset=\"https:\/\/kiniradoma.progreen.hr\/wp-content\/uploads\/2025\/01\/4-1024x550.jpg 1024w, https:\/\/kiniradoma.progreen.hr\/wp-content\/uploads\/2025\/01\/4-300x161.jpg 300w, https:\/\/kiniradoma.progreen.hr\/wp-content\/uploads\/2025\/01\/4.jpg 1440w\" sizes=\"auto, (max-width: 1024px) 100vw, 1024px\" \/><\/div>\t\t<\/div>\r\n\t\t\t<\/article>\r\n\t<article class=\"w-grid-item post-2709 attachment type-attachment status-inherit hentry\" data-id=\"2709\">\r\n\t\t<div class=\"w-grid-item-h\">\r\n\t\t\t\t\t\t<div class=\"w-post-elm post_image usg_post_image_1 stretched\"><img loading=\"lazy\" decoding=\"async\" width=\"1024\" height=\"550\" src=\"https:\/\/kiniradoma.progreen.hr\/wp-content\/uploads\/2025\/01\/6-1024x550.jpg\" class=\"attachment-large size-large\" alt=\"\" srcset=\"https:\/\/kiniradoma.progreen.hr\/wp-content\/uploads\/2025\/01\/6-1024x550.jpg 1024w, https:\/\/kiniradoma.progreen.hr\/wp-content\/uploads\/2025\/01\/6-300x161.jpg 300w, https:\/\/kiniradoma.progreen.hr\/wp-content\/uploads\/2025\/01\/6.jpg 1440w\" sizes=\"auto, (max-width: 1024px) 100vw, 1024px\" \/><\/div>\t\t<\/div>\r\n\t\t\t<\/article>\r\n<\/div>\t<div class=\"g-preloader type_1\">\r\n\t\t<div><\/div>\r\n\t<\/div>\r\n\t\t<div class=\"w-grid-json hidden\" onclick='return {&quot;action&quot;:&quot;us_ajax_grid&quot;,&quot;infinite_scroll&quot;:0,&quot;max_num_pages&quot;:1,&quot;pagination&quot;:&quot;none&quot;,&quot;template_vars&quot;:{&quot;columns&quot;:&quot;4&quot;,&quot;exclude_items&quot;:&quot;none&quot;,&quot;img_size&quot;:&quot;default&quot;,&quot;ignore_items_size&quot;:0,&quot;items_layout&quot;:&quot;gallery_cropped&quot;,&quot;items_offset&quot;:&quot;1&quot;,&quot;load_animation&quot;:&quot;none&quot;,&quot;overriding_link&quot;:&quot;{\\&quot;url\\&quot;:\\&quot;\\&quot;}&quot;,&quot;post_id&quot;:0,&quot;query_args&quot;:{&quot;post_type&quot;:[&quot;attachment&quot;],&quot;post__in&quot;:[&quot;2472&quot;,&quot;2471&quot;,&quot;2470&quot;,&quot;2469&quot;,&quot;2468&quot;,&quot;2467&quot;],&quot;post_status&quot;:&quot;inherit&quot;,&quot;post_mime_type&quot;:&quot;image&quot;,&quot;posts_per_page&quot;:&quot;10&quot;},&quot;orderby_query_args&quot;:{&quot;orderby&quot;:{&quot;date&quot;:&quot;DESC&quot;}},&quot;type&quot;:&quot;carousel&quot;,&quot;us_grid_post_type&quot;:&quot;attachment&quot;,&quot;us_grid_ajax_index&quot;:1,&quot;us_grid_filter_query_string&quot;:null,&quot;us_grid_index&quot;:1,&quot;page_args&quot;:[],&quot;lang&quot;:&quot;de&quot;},&quot;carousel_settings&quot;:{&quot;autoHeight&quot;:0,&quot;autoplay&quot;:1,&quot;carousel_fade&quot;:1,&quot;center&quot;:0,&quot;dots&quot;:1,&quot;items&quot;:&quot;4&quot;,&quot;loop&quot;:1,&quot;nav&quot;:1,&quot;slideby&quot;:&quot;1&quot;,&quot;smooth_play&quot;:0,&quot;speed&quot;:250,&quot;timeout&quot;:2000,&quot;transition&quot;:&quot;&quot;,&quot;aria_labels&quot;:{&quot;prev&quot;:&quot;Zur\\u00fcck&quot;,&quot;next&quot;:&quot;Weiter&quot;}},&quot;carousel_breakpoints&quot;:{&quot;0&quot;:{&quot;autoHeight&quot;:0,&quot;autoplay&quot;:1,&quot;autoplayHoverPause&quot;:1,&quot;items&quot;:2,&quot;loop&quot;:1,&quot;stagePadding&quot;:5},&quot;601&quot;:{&quot;autoHeight&quot;:0,&quot;autoplay&quot;:1,&quot;autoplayHoverPause&quot;:1,&quot;items&quot;:2,&quot;loop&quot;:1,&quot;stagePadding&quot;:0},&quot;1025&quot;:{&quot;autoHeight&quot;:0,&quot;autoplay&quot;:1,&quot;autoplayHoverPause&quot;:1,&quot;items&quot;:3,&quot;loop&quot;:1,&quot;stagePadding&quot;:0},&quot;1381&quot;:{&quot;items&quot;:4,&quot;stagePadding&quot;:0}}}'><\/div>\r\n\t<\/div><\/div><\/div><\/div><\/div><\/section><section class=\"l-section wpb_row us_custom_9ccc05f2 height_small width_custom\" style=\"--site-content-width:850px;\"><div class=\"l-section-h i-cf\"><div class=\"g-cols vc_row via_grid cols_1 laptops-cols_inherit tablets-cols_inherit mobiles-cols_1 valign_top type_default stacking_default\"><div class=\"wpb_column vc_column_container\"><div class=\"vc_column-inner\"><div class=\"w-hwrapper valign_middle stack_on_mobiles align_justify\" style=\"--hwrapper-gap:1.5rem\"><div class=\"wpb_text_column us_custom_836f727b has_text_color\"><div class=\"wpb_wrapper\"><h3 class=\"p1\"><strong>Suchen Sie nach perfekten ma\u00dfgefertigten M\u00f6beln?<\/strong><\/h3>\n<p class=\"p1\">Kontaktieren Sie uns noch heute und verwandeln Sie Ihre Ideen in einen einzigartigen Raum, der Ihren Stil und Ihre Bed\u00fcrfnisse widerspiegelt!<\/p>\n<\/div><\/div><div class=\"w-btn-wrapper default_align_center laptops_align_center tablets_align_center mobiles_align_left\"><a class=\"w-btn us-btn-style_5\" href=\"https:\/\/kiniradoma.progreen.hr\/kontakt\/\"><span class=\"w-btn-label\">Kontaktieren Sie uns<\/span><\/a><\/div><\/div><\/div><\/div><\/div><\/div><\/section>\n","protected":false},"excerpt":{"rendered":"","protected":false},"author":1,"featured_media":0,"parent":0,"menu_order":0,"comment_status":"closed","ping_status":"open","template":"","meta":{"_acf_changed":false,"footnotes":""},"class_list":["post-2757","page","type-page","status-publish","hentry"],"acf":[],"yoast_head":"<!-- This site is optimized with the Yoast SEO plugin v24.3 - https:\/\/yoast.com\/wordpress\/plugins\/seo\/ -->\n<title>Home - Kiniradoma<\/title>\n<meta name=\"robots\" content=\"noindex, follow, max-snippet:-1, max-image-preview:large, max-video-preview:-1\" \/>\n<meta property=\"og:locale\" content=\"de_DE\" \/>\n<meta property=\"og:type\" content=\"article\" \/>\n<meta property=\"og:title\" content=\"Home - Kiniradoma\" \/>\n<meta property=\"og:url\" content=\"https:\/\/kiniradoma.progreen.hr\/de\/\" \/>\n<meta property=\"og:site_name\" content=\"Kiniradoma\" \/>\n<meta property=\"article:modified_time\" content=\"2025-02-07T09:47:04+00:00\" \/>\n<meta name=\"twitter:card\" content=\"summary_large_image\" \/>\n<meta name=\"twitter:label1\" content=\"Gesch\u00e4tzte Lesezeit\" \/>\n\t<meta name=\"twitter:data1\" content=\"8\u00a0Minuten\" \/>\n<script type=\"application\/ld+json\" class=\"yoast-schema-graph\">{\"@context\":\"https:\/\/schema.org\",\"@graph\":[{\"@type\":\"WebPage\",\"@id\":\"https:\/\/kiniradoma.progreen.hr\/de\/\",\"url\":\"https:\/\/kiniradoma.progreen.hr\/de\/\",\"name\":\"Home - Kiniradoma\",\"isPartOf\":{\"@id\":\"https:\/\/kiniradoma.progreen.hr\/de\/#website\"},\"datePublished\":\"2024-11-12T07:02:17+00:00\",\"dateModified\":\"2025-02-07T09:47:04+00:00\",\"breadcrumb\":{\"@id\":\"https:\/\/kiniradoma.progreen.hr\/de\/#breadcrumb\"},\"inLanguage\":\"de\",\"potentialAction\":[{\"@type\":\"ReadAction\",\"target\":[\"https:\/\/kiniradoma.progreen.hr\/de\/\"]}]},{\"@type\":\"BreadcrumbList\",\"@id\":\"https:\/\/kiniradoma.progreen.hr\/de\/#breadcrumb\",\"itemListElement\":[{\"@type\":\"ListItem\",\"position\":1,\"name\":\"Po\u010detna stranica\",\"item\":\"https:\/\/kiniradoma.progreen.hr\/de\/home\/\"},{\"@type\":\"ListItem\",\"position\":2,\"name\":\"Home\"}]},{\"@type\":\"WebSite\",\"@id\":\"https:\/\/kiniradoma.progreen.hr\/de\/#website\",\"url\":\"https:\/\/kiniradoma.progreen.hr\/de\/\",\"name\":\"Kiniradoma\",\"description\":\"\",\"potentialAction\":[{\"@type\":\"SearchAction\",\"target\":{\"@type\":\"EntryPoint\",\"urlTemplate\":\"https:\/\/kiniradoma.progreen.hr\/de\/?s={search_term_string}\"},\"query-input\":{\"@type\":\"PropertyValueSpecification\",\"valueRequired\":true,\"valueName\":\"search_term_string\"}}],\"inLanguage\":\"de\"}]}<\/script>\n<!-- \/ Yoast SEO plugin. -->","yoast_head_json":{"title":"Home - Kiniradoma","robots":{"index":"noindex","follow":"follow","max-snippet":"max-snippet:-1","max-image-preview":"max-image-preview:large","max-video-preview":"max-video-preview:-1"},"og_locale":"de_DE","og_type":"article","og_title":"Home - Kiniradoma","og_url":"https:\/\/kiniradoma.progreen.hr\/de\/","og_site_name":"Kiniradoma","article_modified_time":"2025-02-07T09:47:04+00:00","twitter_card":"summary_large_image","twitter_misc":{"Gesch\u00e4tzte Lesezeit":"8\u00a0Minuten"},"schema":{"@context":"https:\/\/schema.org","@graph":[{"@type":"WebPage","@id":"https:\/\/kiniradoma.progreen.hr\/de\/","url":"https:\/\/kiniradoma.progreen.hr\/de\/","name":"Home - Kiniradoma","isPartOf":{"@id":"https:\/\/kiniradoma.progreen.hr\/de\/#website"},"datePublished":"2024-11-12T07:02:17+00:00","dateModified":"2025-02-07T09:47:04+00:00","breadcrumb":{"@id":"https:\/\/kiniradoma.progreen.hr\/de\/#breadcrumb"},"inLanguage":"de","potentialAction":[{"@type":"ReadAction","target":["https:\/\/kiniradoma.progreen.hr\/de\/"]}]},{"@type":"BreadcrumbList","@id":"https:\/\/kiniradoma.progreen.hr\/de\/#breadcrumb","itemListElement":[{"@type":"ListItem","position":1,"name":"Po\u010detna stranica","item":"https:\/\/kiniradoma.progreen.hr\/de\/home\/"},{"@type":"ListItem","position":2,"name":"Home"}]},{"@type":"WebSite","@id":"https:\/\/kiniradoma.progreen.hr\/de\/#website","url":"https:\/\/kiniradoma.progreen.hr\/de\/","name":"Kiniradoma","description":"","potentialAction":[{"@type":"SearchAction","target":{"@type":"EntryPoint","urlTemplate":"https:\/\/kiniradoma.progreen.hr\/de\/?s={search_term_string}"},"query-input":{"@type":"PropertyValueSpecification","valueRequired":true,"valueName":"search_term_string"}}],"inLanguage":"de"}]}},"_links":{"self":[{"href":"https:\/\/kiniradoma.progreen.hr\/de\/wp-json\/wp\/v2\/pages\/2757","targetHints":{"allow":["GET"]}}],"collection":[{"href":"https:\/\/kiniradoma.progreen.hr\/de\/wp-json\/wp\/v2\/pages"}],"about":[{"href":"https:\/\/kiniradoma.progreen.hr\/de\/wp-json\/wp\/v2\/types\/page"}],"author":[{"embeddable":true,"href":"https:\/\/kiniradoma.progreen.hr\/de\/wp-json\/wp\/v2\/users\/1"}],"replies":[{"embeddable":true,"href":"https:\/\/kiniradoma.progreen.hr\/de\/wp-json\/wp\/v2\/comments?post=2757"}],"version-history":[{"count":2,"href":"https:\/\/kiniradoma.progreen.hr\/de\/wp-json\/wp\/v2\/pages\/2757\/revisions"}],"predecessor-version":[{"id":2759,"href":"https:\/\/kiniradoma.progreen.hr\/de\/wp-json\/wp\/v2\/pages\/2757\/revisions\/2759"}],"wp:attachment":[{"href":"https:\/\/kiniradoma.progreen.hr\/de\/wp-json\/wp\/v2\/media?parent=2757"}],"curies":[{"name":"wp","href":"https:\/\/api.w.org\/{rel}","templated":true}]}}